{"id":990,"date":"2021-11-26T19:15:19","date_gmt":"2021-11-26T18:15:19","guid":{"rendered":"https:\/\/dev.daspack.de\/?page_id=990"},"modified":"2025-09-16T11:45:55","modified_gmt":"2025-09-16T09:45:55","slug":"impressum","status":"publish","type":"page","link":"https:\/\/www.daspack.de\/index.php\/impressum\/","title":{"rendered":"Impressum"},"content":{"rendered":"\t\t<div data-elementor-type=\"wp-page\" data-elementor-id=\"990\" class=\"elementor elementor-990\">\n\t\t\t\t<div class=\"elementor-element elementor-element-9b013c9 e-flex e-con-boxed e-con e-parent\" data-id=\"9b013c9\" data-element_type=\"container\" data-e-type=\"container\">\n\t\t\t\t\t<div class=\"e-con-inner\">\n\t\t\t\t<div class=\"elementor-element elementor-element-d1f6695 elementor-widget elementor-widget-button\" data-id=\"d1f6695\" data-element_type=\"widget\" data-e-type=\"widget\" data-widget_type=\"button.default\">\n\t\t\t\t<div class=\"elementor-widget-container\">\n\t\t\t\t\t\t\t\t\t<div class=\"elementor-button-wrapper\">\n\t\t\t\t\t<a class=\"elementor-button elementor-button-link elementor-size-sm\" href=\"https:\/\/www.daspack.de\/\">\n\t\t\t\t\t\t<span class=\"elementor-button-content-wrapper\">\n\t\t\t\t\t\t<span class=\"elementor-button-icon\">\n\t\t\t\t<i aria-hidden=\"true\" class=\"fas fa-angle-left\"><\/i>\t\t\t<\/span>\n\t\t\t\t\t\t\t\t\t<span class=\"elementor-button-text\">Zur\u00fcck<\/span>\n\t\t\t\t\t<\/span>\n\t\t\t\t\t<\/a>\n\t\t\t\t<\/div>\n\t\t\t\t\t\t\t\t<\/div>\n\t\t\t\t<\/div>\n\t\t\t\t<div class=\"elementor-element elementor-element-15dfc15 elementor-widget elementor-widget-page-title\" data-id=\"15dfc15\" data-element_type=\"widget\" data-e-type=\"widget\" data-settings=\"{&quot;align&quot;:&quot;left&quot;}\" data-widget_type=\"page-title.default\">\n\t\t\t\t<div class=\"elementor-widget-container\">\n\t\t\t\t\t\t\t\n\t\t<div class=\"hfe-page-title hfe-page-title-wrapper elementor-widget-heading\">\n\n\t\t\t\t\t\t\t\t<h2 class=\"elementor-heading-title elementor-size-default\">\n\t\t\t\t\t\t\t\t\n\t\t\t\tImpressum  \n\t\t\t<\/h2 > \n\t\t\t\t\t<\/div>\n\t\t\t\t\t\t<\/div>\n\t\t\t\t<\/div>\n\t\t\t\t<div class=\"elementor-element elementor-element-e1e7bba elementor-widget elementor-widget-heading\" data-id=\"e1e7bba\" data-element_type=\"widget\" data-e-type=\"widget\" data-widget_type=\"heading.default\">\n\t\t\t\t<div class=\"elementor-widget-container\">\n\t\t\t\t\t<h5 class=\"elementor-heading-title elementor-size-default\">Angaben gem\u00e4\u00df \u00a7 5 TMG<\/h5>\t\t\t\t<\/div>\n\t\t\t\t<\/div>\n\t\t\t\t<div class=\"elementor-element elementor-element-3aafc39 elementor-widget elementor-widget-text-editor\" data-id=\"3aafc39\" data-element_type=\"widget\" data-e-type=\"widget\" data-widget_type=\"text-editor.default\">\n\t\t\t\t<div class=\"elementor-widget-container\">\n\t\t\t\t\t\t\t\t\t<p>DAS PACK GbR <br \/>Postfach 30 63 07<br \/>20329 Hamburg<\/p>\t\t\t\t\t\t\t\t<\/div>\n\t\t\t\t<\/div>\n\t\t\t\t<div class=\"elementor-element elementor-element-0b74b3a elementor-widget elementor-widget-heading\" data-id=\"0b74b3a\" data-element_type=\"widget\" data-e-type=\"widget\" data-widget_type=\"heading.default\">\n\t\t\t\t<div class=\"elementor-widget-container\">\n\t\t\t\t\t<h5 class=\"elementor-heading-title elementor-size-default\">Kontakt<\/h5>\t\t\t\t<\/div>\n\t\t\t\t<\/div>\n\t\t\t\t<div class=\"elementor-element elementor-element-9e526f5 elementor-widget elementor-widget-text-editor\" data-id=\"9e526f5\" data-element_type=\"widget\" data-e-type=\"widget\" data-widget_type=\"text-editor.default\">\n\t\t\t\t<div class=\"elementor-widget-container\">\n\t\t\t\t\t\t\t\t\t<p>E-Mail: <a href=\"mailto:mail@daspack.de\">mail[at]daspack.de<\/a><\/p>\t\t\t\t\t\t\t\t<\/div>\n\t\t\t\t<\/div>\n\t\t\t\t<div class=\"elementor-element elementor-element-e829e8f elementor-widget elementor-widget-heading\" data-id=\"e829e8f\" data-element_type=\"widget\" data-e-type=\"widget\" data-widget_type=\"heading.default\">\n\t\t\t\t<div class=\"elementor-widget-container\">\n\t\t\t\t\t<h5 class=\"elementor-heading-title elementor-size-default\">Umsatzsteuer-ID<\/h5>\t\t\t\t<\/div>\n\t\t\t\t<\/div>\n\t\t\t\t<div class=\"elementor-element elementor-element-6deed03 elementor-widget elementor-widget-text-editor\" data-id=\"6deed03\" data-element_type=\"widget\" data-e-type=\"widget\" data-widget_type=\"text-editor.default\">\n\t\t\t\t<div class=\"elementor-widget-container\">\n\t\t\t\t\t\t\t\t\t<p>Umsatzsteuer-Identifikationsnummer gem\u00e4\u00df \u00a727 a Umsatzsteuergesetz:\u00a0<\/p>\t\t\t\t\t\t\t\t<\/div>\n\t\t\t\t<\/div>\n\t\t\t\t<div class=\"elementor-element elementor-element-3031ff6 elementor-widget elementor-widget-heading\" data-id=\"3031ff6\" data-element_type=\"widget\" data-e-type=\"widget\" data-widget_type=\"heading.default\">\n\t\t\t\t<div class=\"elementor-widget-container\">\n\t\t\t\t\t<h5 class=\"elementor-heading-title elementor-size-default\">Administrator<\/h5>\t\t\t\t<\/div>\n\t\t\t\t<\/div>\n\t\t\t\t<div class=\"elementor-element elementor-element-785cf84 elementor-widget elementor-widget-text-editor\" data-id=\"785cf84\" data-element_type=\"widget\" data-e-type=\"widget\" data-widget_type=\"text-editor.default\">\n\t\t\t\t<div class=\"elementor-widget-container\">\n\t\t\t\t\t\t\t\t\t<p>Sebastian Fehrs<br \/><a href=\"http:\/\/www.fehrs.net\" target=\"_blank\" rel=\"noopener noreferrer nofollow\">www.fehrs.net<\/a><\/p>\t\t\t\t\t\t\t\t<\/div>\n\t\t\t\t<\/div>\n\t\t\t\t<div class=\"elementor-element elementor-element-104a82b elementor-widget elementor-widget-heading\" data-id=\"104a82b\" data-element_type=\"widget\" data-e-type=\"widget\" data-widget_type=\"heading.default\">\n\t\t\t\t<div class=\"elementor-widget-container\">\n\t\t\t\t\t<h5 class=\"elementor-heading-title elementor-size-default\">Webdesign<\/h5>\t\t\t\t<\/div>\n\t\t\t\t<\/div>\n\t\t\t\t<div class=\"elementor-element elementor-element-90b6bbf elementor-widget elementor-widget-text-editor\" data-id=\"90b6bbf\" data-element_type=\"widget\" data-e-type=\"widget\" data-widget_type=\"text-editor.default\">\n\t\t\t\t<div class=\"elementor-widget-container\">\n\t\t\t\t\t\t\t\t\t<p>Flo Ehlich<br \/><a href=\"http:\/\/www.sierrafoxtrot.studio\" target=\"_blank\" rel=\"noopener noreferrer nofollow\">www.sierrafoxtrot.studio<\/a><\/p>\t\t\t\t\t\t\t\t<\/div>\n\t\t\t\t<\/div>\n\t\t\t\t\t<\/div>\n\t\t\t\t<\/div>\n\t\t\t\t<\/div>\n\t\t","protected":false},"excerpt":{"rendered":"<p>Zur\u00fcck Impressum Angaben gem\u00e4\u00df \u00a7 5 TMG DAS PACK GbR Postfach 30 63 0720329 Hamburg Kontakt E-Mail: mail[at]daspack.de Umsatzsteuer-ID Umsatzsteuer-Identifikationsnummer gem\u00e4\u00df \u00a727 a Umsatzsteuergesetz:\u00a0 Administrator Sebastian Fehrswww.fehrs.net Webdesign Flo Ehlichwww.sierrafoxtrot.studio<\/p>\n","protected":false},"author":1,"featured_media":0,"parent":0,"menu_order":0,"comment_status":"closed","ping_status":"closed","template":"elementor_canvas","meta":{"iawp_total_views":59,"footnotes":""},"class_list":["post-990","page","type-page","status-publish","hentry"],"yoast_head":"<!-- This site is optimized with the Yoast SEO plugin v27.4 - https:\/\/yoast.com\/product\/yoast-seo-wordpress\/ -->\n<title>Impressum - Das Pack<\/title>\n<meta name=\"robots\" content=\"noindex, follow\" \/>\n<meta property=\"og:locale\" content=\"de_DE\" \/>\n<meta property=\"og:type\" content=\"article\" \/>\n<meta property=\"og:title\" content=\"Impressum - Das Pack\" \/>\n<meta property=\"og:description\" content=\"Zur\u00fcck Impressum Angaben gem\u00e4\u00df \u00a7 5 TMG DAS PACK GbR Postfach 30 63 0720329 Hamburg Kontakt E-Mail: mail[at]daspack.de Umsatzsteuer-ID Umsatzsteuer-Identifikationsnummer gem\u00e4\u00df \u00a727 a Umsatzsteuergesetz:\u00a0 Administrator Sebastian Fehrswww.fehrs.net Webdesign Flo Ehlichwww.sierrafoxtrot.studio\" \/>\n<meta property=\"og:url\" content=\"https:\/\/www.daspack.de\/index.php\/impressum\/\" \/>\n<meta property=\"og:site_name\" content=\"Das Pack\" \/>\n<meta property=\"article:modified_time\" content=\"2025-09-16T09:45:55+00:00\" \/>\n<meta property=\"og:image\" content=\"https:\/\/www.daspack.de\/wp-content\/uploads\/2025\/09\/25-dp-website-1200x675px-v3.jpg\" \/>\n\t<meta property=\"og:image:width\" content=\"1200\" \/>\n\t<meta property=\"og:image:height\" content=\"675\" \/>\n\t<meta property=\"og:image:type\" content=\"image\/jpeg\" \/>\n<meta name=\"twitter:card\" content=\"summary_large_image\" \/>\n<meta name=\"twitter:label1\" content=\"Gesch\u00e4tzte Lesezeit\" \/>\n\t<meta name=\"twitter:data1\" content=\"1\u00a0Minute\" \/>\n<script type=\"application\/ld+json\" class=\"yoast-schema-graph\">{\"@context\":\"https:\\\/\\\/schema.org\",\"@graph\":[{\"@type\":\"WebPage\",\"@id\":\"https:\\\/\\\/www.daspack.de\\\/index.php\\\/impressum\\\/\",\"url\":\"https:\\\/\\\/www.daspack.de\\\/index.php\\\/impressum\\\/\",\"name\":\"Impressum - Das Pack\",\"isPartOf\":{\"@id\":\"https:\\\/\\\/www.daspack.de\\\/#website\"},\"datePublished\":\"2021-11-26T18:15:19+00:00\",\"dateModified\":\"2025-09-16T09:45:55+00:00\",\"breadcrumb\":{\"@id\":\"https:\\\/\\\/www.daspack.de\\\/index.php\\\/impressum\\\/#breadcrumb\"},\"inLanguage\":\"de\",\"potentialAction\":[{\"@type\":\"ReadAction\",\"target\":[\"https:\\\/\\\/www.daspack.de\\\/index.php\\\/impressum\\\/\"]}]},{\"@type\":\"BreadcrumbList\",\"@id\":\"https:\\\/\\\/www.daspack.de\\\/index.php\\\/impressum\\\/#breadcrumb\",\"itemListElement\":[{\"@type\":\"ListItem\",\"position\":1,\"name\":\"Startseite\",\"item\":\"https:\\\/\\\/www.daspack.de\\\/\"},{\"@type\":\"ListItem\",\"position\":2,\"name\":\"Impressum\"}]},{\"@type\":\"WebSite\",\"@id\":\"https:\\\/\\\/www.daspack.de\\\/#website\",\"url\":\"https:\\\/\\\/www.daspack.de\\\/\",\"name\":\"Das Pack - Das Weise Album - Jetzt vorbestellen\",\"description\":\"\",\"publisher\":{\"@id\":\"https:\\\/\\\/www.daspack.de\\\/#organization\"},\"potentialAction\":[{\"@type\":\"SearchAction\",\"target\":{\"@type\":\"EntryPoint\",\"urlTemplate\":\"https:\\\/\\\/www.daspack.de\\\/?s={search_term_string}\"},\"query-input\":{\"@type\":\"PropertyValueSpecification\",\"valueRequired\":true,\"valueName\":\"search_term_string\"}}],\"inLanguage\":\"de\"},{\"@type\":\"Organization\",\"@id\":\"https:\\\/\\\/www.daspack.de\\\/#organization\",\"name\":\"Das Pack - Das Weise Album - Jetzt vorbestellen\",\"url\":\"https:\\\/\\\/www.daspack.de\\\/\",\"logo\":{\"@type\":\"ImageObject\",\"inLanguage\":\"de\",\"@id\":\"https:\\\/\\\/www.daspack.de\\\/#\\\/schema\\\/logo\\\/image\\\/\",\"url\":\"https:\\\/\\\/www.daspack.de\\\/wp-content\\\/uploads\\\/2021\\\/11\\\/25-DP-Logo-Wappen-blau.svg\",\"contentUrl\":\"https:\\\/\\\/www.daspack.de\\\/wp-content\\\/uploads\\\/2021\\\/11\\\/25-DP-Logo-Wappen-blau.svg\",\"width\":478,\"height\":566,\"caption\":\"Das Pack - Das Weise Album - Jetzt vorbestellen\"},\"image\":{\"@id\":\"https:\\\/\\\/www.daspack.de\\\/#\\\/schema\\\/logo\\\/image\\\/\"}}]}<\/script>\n<!-- \/ Yoast SEO plugin. -->","yoast_head_json":{"title":"Impressum - Das Pack","robots":{"index":"noindex","follow":"follow"},"og_locale":"de_DE","og_type":"article","og_title":"Impressum - Das Pack","og_description":"Zur\u00fcck Impressum Angaben gem\u00e4\u00df \u00a7 5 TMG DAS PACK GbR Postfach 30 63 0720329 Hamburg Kontakt E-Mail: mail[at]daspack.de Umsatzsteuer-ID Umsatzsteuer-Identifikationsnummer gem\u00e4\u00df \u00a727 a Umsatzsteuergesetz:\u00a0 Administrator Sebastian Fehrswww.fehrs.net Webdesign Flo Ehlichwww.sierrafoxtrot.studio","og_url":"https:\/\/www.daspack.de\/index.php\/impressum\/","og_site_name":"Das Pack","article_modified_time":"2025-09-16T09:45:55+00:00","og_image":[{"width":1200,"height":675,"url":"https:\/\/www.daspack.de\/wp-content\/uploads\/2025\/09\/25-dp-website-1200x675px-v3.jpg","type":"image\/jpeg"}],"twitter_card":"summary_large_image","twitter_misc":{"Gesch\u00e4tzte Lesezeit":"1\u00a0Minute"},"schema":{"@context":"https:\/\/schema.org","@graph":[{"@type":"WebPage","@id":"https:\/\/www.daspack.de\/index.php\/impressum\/","url":"https:\/\/www.daspack.de\/index.php\/impressum\/","name":"Impressum - Das Pack","isPartOf":{"@id":"https:\/\/www.daspack.de\/#website"},"datePublished":"2021-11-26T18:15:19+00:00","dateModified":"2025-09-16T09:45:55+00:00","breadcrumb":{"@id":"https:\/\/www.daspack.de\/index.php\/impressum\/#breadcrumb"},"inLanguage":"de","potentialAction":[{"@type":"ReadAction","target":["https:\/\/www.daspack.de\/index.php\/impressum\/"]}]},{"@type":"BreadcrumbList","@id":"https:\/\/www.daspack.de\/index.php\/impressum\/#breadcrumb","itemListElement":[{"@type":"ListItem","position":1,"name":"Startseite","item":"https:\/\/www.daspack.de\/"},{"@type":"ListItem","position":2,"name":"Impressum"}]},{"@type":"WebSite","@id":"https:\/\/www.daspack.de\/#website","url":"https:\/\/www.daspack.de\/","name":"Das Pack - Das Weise Album - Jetzt vorbestellen","description":"","publisher":{"@id":"https:\/\/www.daspack.de\/#organization"},"potentialAction":[{"@type":"SearchAction","target":{"@type":"EntryPoint","urlTemplate":"https:\/\/www.daspack.de\/?s={search_term_string}"},"query-input":{"@type":"PropertyValueSpecification","valueRequired":true,"valueName":"search_term_string"}}],"inLanguage":"de"},{"@type":"Organization","@id":"https:\/\/www.daspack.de\/#organization","name":"Das Pack - Das Weise Album - Jetzt vorbestellen","url":"https:\/\/www.daspack.de\/","logo":{"@type":"ImageObject","inLanguage":"de","@id":"https:\/\/www.daspack.de\/#\/schema\/logo\/image\/","url":"https:\/\/www.daspack.de\/wp-content\/uploads\/2021\/11\/25-DP-Logo-Wappen-blau.svg","contentUrl":"https:\/\/www.daspack.de\/wp-content\/uploads\/2021\/11\/25-DP-Logo-Wappen-blau.svg","width":478,"height":566,"caption":"Das Pack - Das Weise Album - Jetzt vorbestellen"},"image":{"@id":"https:\/\/www.daspack.de\/#\/schema\/logo\/image\/"}}]}},"_links":{"self":[{"href":"https:\/\/www.daspack.de\/index.php\/wp-json\/wp\/v2\/pages\/990","targetHints":{"allow":["GET"]}}],"collection":[{"href":"https:\/\/www.daspack.de\/index.php\/wp-json\/wp\/v2\/pages"}],"about":[{"href":"https:\/\/www.daspack.de\/index.php\/wp-json\/wp\/v2\/types\/page"}],"author":[{"embeddable":true,"href":"https:\/\/www.daspack.de\/index.php\/wp-json\/wp\/v2\/users\/1"}],"replies":[{"embeddable":true,"href":"https:\/\/www.daspack.de\/index.php\/wp-json\/wp\/v2\/comments?post=990"}],"version-history":[{"count":20,"href":"https:\/\/www.daspack.de\/index.php\/wp-json\/wp\/v2\/pages\/990\/revisions"}],"predecessor-version":[{"id":1927,"href":"https:\/\/www.daspack.de\/index.php\/wp-json\/wp\/v2\/pages\/990\/revisions\/1927"}],"wp:attachment":[{"href":"https:\/\/www.daspack.de\/index.php\/wp-json\/wp\/v2\/media?parent=990"}],"curies":[{"name":"wp","href":"https:\/\/api.w.org\/{rel}","templated":true}]}}